{"id":15,"date":"2016-07-13T16:29:54","date_gmt":"2016-07-13T07:29:54","guid":{"rendered":"https:\/\/viewarm.jp\/wordpress\/?page_id=15"},"modified":"2016-09-29T17:19:11","modified_gmt":"2016-09-29T08:19:11","slug":"%e3%81%8a%e5%95%8f%e3%81%84%e5%90%88%e3%82%8f%e3%81%9b","status":"publish","type":"page","link":"https:\/\/viewarm.jp\/?page_id=15","title":{"rendered":"\u304a\u554f\u3044\u5408\u308f\u305b"},"content":{"rendered":"<p>\u304a\u898b\u7a4d\u3082\u308a\u30fb\u3054\u76f8\u8ac7\u7b49\u304a\u6c17\u8efd\u306b\u304a\u554f\u3044\u5408\u308f\u305b\u304f\u3060\u3055\u3044\u3002<\/p>\n<p>\u30e1\u30fc\u30eb\u3067\u306e\u304a\u554f\u3044\u5408\u308f\u305b\u3092\u3054\u5e0c\u671b\u306e\u65b9\u306f\u4e0b\u8a18\u304a\u554f\u3044\u5408\u308f\u305b\u30d5\u30a9\u30fc\u30e0\u304c\u4fbf\u5229\u3067\u3059\u3002<br \/>\n\u203b\u5165\u529b\u9805\u76ee\u3092\u5165\u529b\u3057\u3001\u30e1\u30fc\u30eb\u3092\u9001\u4fe1\u3059\u308b\u30dc\u30bf\u30f3\u3092\u62bc\u3057\u3066\u304f\u3060\u3055\u3044\u3002<\/p>\n<p>\u4e07\u304c\u4e00\u304a\u4f7f\u3044\u306ePC\u74b0\u5883\u306b\u3088\u308a\u9001\u4fe1\u51fa\u6765\u306a\u3044\u5834\u5408\u306f<img loading=\"lazy\" decoding=\"async\" class=\"adres\" src=\"https:\/\/viewarm.jp\/wordpress\/wp-content\/uploads\/2016\/07\/adres.png\" alt=\"adres\" width=\"182\" height=\"17\" class=\"alignnone size-full wp-image-330\" style=\"display: block;\" \/>\u307e\u305f\u306f\u3000<img loading=\"lazy\" decoding=\"async\" class=\"adres\" src=\"https:\/\/viewarm.jp\/wordpress\/wp-content\/uploads\/2016\/07\/adres2.png\" alt=\"adres2\" width=\"182\" height=\"17\" class=\"alignnone size-full wp-image-331\" style=\"display: block;\" \/>\u5b9b\u306b\u76f4\u63a5\u304a\u9001\u308a\u304f\u3060\u3055\u3044\u3002<br \/>\n\u304a\u6025\u304e\u306e\u5834\u5408\u306f\u304a\u96fb\u8a71(090-8841-5439)\u3078\u304a\u554f\u3044\u5408\u308f\u305b\u3092\u304a\u9858\u3044\u3044\u305f\u3057\u307e\u3059\u3002<\/p>\n<h4 style=\"border-bottom: none;\">\u304a\u554f\u3044\u5408\u308f\u305b\u30d5\u30a9\u30fc\u30e0<\/h4>\n\n<div class=\"wpcf7 no-js\" id=\"wpcf7-f435-o1\" lang=\"ja\" dir=\"ltr\" data-wpcf7-id=\"435\">\n<div class=\"screen-reader-response\"><p role=\"status\" aria-live=\"polite\" aria-atomic=\"true\"><\/p> <ul><\/ul><\/div>\n<script type=\"text\/javascript\" charset=\"UTF-8\" src=\"https:\/\/zipaddr.github.io\/zipaddrx.js?v=1.41\"><\/script><script type=\"text\/javascript\" charset=\"UTF-8\">function zipaddr_ownb(){ZP.dli='-';ZP.wp='1';ZP.uver='35335.38188.92664';ZP.sysid='ContactForm7';}<\/script><script type=\"text\/javascript\" charset=\"UTF-8\" src=\"https:\/\/zipaddr.github.io\/contactform7.js\"><\/script><form action=\"\/index.php?rest_route=%2Fwp%2Fv2%2Fpages%2F15#wpcf7-f435-o1\" method=\"post\" class=\"wpcf7-form init\" aria-label=\"\u30b3\u30f3\u30bf\u30af\u30c8\u30d5\u30a9\u30fc\u30e0\" novalidate=\"novalidate\" data-status=\"init\">\n<fieldset class=\"hidden-fields-container\"><input type=\"hidden\" name=\"_wpcf7\" value=\"435\" \/><input type=\"hidden\" name=\"_wpcf7_version\" value=\"6.1.3\" \/><input type=\"hidden\" name=\"_wpcf7_locale\" value=\"ja\" \/><input type=\"hidden\" name=\"_wpcf7_unit_tag\" value=\"wpcf7-f435-o1\" \/><input type=\"hidden\" name=\"_wpcf7_container_post\" value=\"0\" \/><input type=\"hidden\" name=\"_wpcf7_posted_data_hash\" value=\"\" \/>\n<\/fieldset>\n<div class=\"wpcf7-turnstile cf-turnstile\" data-sitekey=\"0x4AAAAAAB-mlox5MiHwPb0x\" data-response-field-name=\"_wpcf7_turnstile_response\"><\/div>\n\n<ul class=\"st\" summary=\"mailform main\" id=\"formtbl\">\n\t<li class=\"st_1\">\n\t\t<p>\u304a\u540d\u524d<span style=\"color:#e60012;\">\u203b<\/span>\n\t\t<\/p>\n\t<\/li>\n\t<li class=\"st_2\">\n\t\t<p><span class=\"wpcf7-form-control-wrap\" data-name=\"your-name\"><input size=\"40\" maxlength=\"400\" class=\"wpcf7-form-control wpcf7-text wpcf7-validates-as-required\" aria-required=\"true\" aria-invalid=\"false\" placeholder=\"\u4f8b)\u5c71\u7530\u3000\u592a\u90ce &lt;\u5fc5\u9808&gt;\" value=\"\" type=\"text\" name=\"your-name\" \/><\/span>\n\t\t<\/p>\n\t<\/li>\n\t<li class=\"st_1\">\n\t\t<p>\u30d5\u30ea\u30ac\u30ca<span style=\"color:#e60012;\">\u203b<\/span>\n\t\t<\/p>\n\t<\/li>\n\t<li class=\"st_2\">\n\t\t<p><span class=\"wpcf7-form-control-wrap\" data-name=\"your-kana\"><input size=\"40\" maxlength=\"400\" class=\"wpcf7-form-control wpcf7-text wpcf7-validates-as-required\" aria-required=\"true\" aria-invalid=\"false\" placeholder=\"\u4f8b)\u30e4\u30de\u30c0\u3000\u30bf\u30ed\u30a6 &lt;\u5fc5\u9808&gt;\" value=\"\" type=\"text\" name=\"your-kana\" \/><\/span>\n\t\t<\/p>\n\t<\/li>\n\t<li class=\"st_1\">\n\t\t<p>\u30e1\u30fc\u30eb\u30a2\u30c9\u30ec\u30b9<span style=\"color:#e60012;\">\u203b<\/span>\n\t\t<\/p>\n\t<\/li>\n\t<li class=\"st_2\">\n\t\t<p><span class=\"wpcf7-form-control-wrap\" data-name=\"your-email\"><input size=\"40\" maxlength=\"400\" class=\"wpcf7-form-control wpcf7-email wpcf7-validates-as-required wpcf7-text wpcf7-validates-as-email\" aria-required=\"true\" aria-invalid=\"false\" placeholder=\"\u4f8b)\u00d7\u00d7\u00d7@\u00d7\u00d7\u00d7.com &lt;\u5fc5\u9808&gt;\" value=\"\" type=\"email\" name=\"your-email\" \/><\/span>\n\t\t<\/p>\n\t<\/li>\n\t<li class=\"st_1\">\n\t\t<p>\u78ba\u8a8d\u306e\u305f\u3081\u3082\u3046\u4e00\u5ea6<span style=\"color:#e60012;\">\u203b<\/span>\n\t\t<\/p>\n\t<\/li>\n\t<li class=\"st_2\">\n\t\t<p><span class=\"wpcf7-form-control-wrap\" data-name=\"your-email_confirm\"><input size=\"40\" maxlength=\"400\" class=\"wpcf7-form-control wpcf7-email wpcf7-validates-as-required wpcf7-text wpcf7-validates-as-email\" aria-required=\"true\" aria-invalid=\"false\" placeholder=\"\u4f8b)\u00d7\u00d7\u00d7@\u00d7\u00d7\u00d7.com &lt;\u5fc5\u9808&gt;\" value=\"\" type=\"email\" name=\"your-email_confirm\" \/><\/span>\n\t\t<\/p>\n\t<\/li>\n\t<li class=\"st_1\">\n\t\t<p>\u96fb\u8a71\u756a\u53f7\n\t\t<\/p>\n\t<\/li>\n\t<li class=\"st_2\">\n\t\t<p><span class=\"wpcf7-form-control-wrap\" data-name=\"your-tel\"><input size=\"40\" maxlength=\"400\" class=\"wpcf7-form-control wpcf7-tel wpcf7-text wpcf7-validates-as-tel\" aria-invalid=\"false\" placeholder=\"\u4f8b)048-840-2030\" value=\"\" type=\"tel\" name=\"your-tel\" \/><\/span>\n\t\t<\/p>\n\t<\/li>\n\t<li class=\"st_1\">\n\t\t<p>\u90f5\u4fbf\u756a\u53f7\n\t\t<\/p>\n\t<\/li>\n\t<li class=\"st_2\">\n\t\t<p><span class=\"wpcf7-form-control-wrap\" data-name=\"zip\"><input size=\"40\" maxlength=\"400\" class=\"wpcf7-form-control wpcf7-text\" id=\"zip\" aria-invalid=\"false\" placeholder=\"\u4f8b)338-0011\" value=\"\" type=\"text\" name=\"zip\" \/><\/span>\n\t\t<\/p>\n\t<\/li>\n\t<li class=\"st_1\">\n\t\t<p>\u90fd\u9053\u5e9c\u770c\n\t\t<\/p>\n\t<\/li>\n\t<li class=\"st_2\">\n\t\t<p><span class=\"wpcf7-form-control-wrap\" data-name=\"pref\"><input size=\"40\" maxlength=\"400\" class=\"wpcf7-form-control wpcf7-text\" id=\"pref\" aria-invalid=\"false\" placeholder=\"\u4f8b)\u57fc\u7389\u770c\" value=\"\" type=\"text\" name=\"pref\" \/><\/span>\n\t\t<\/p>\n\t<\/li>\n\t<li class=\"st_1\">\n\t\t<p>\u5e02\u533a\u753a\u6751\u4ee5\u964d\u306e\u4f4f\u6240\n\t\t<\/p>\n\t<\/li>\n\t<li class=\"st_2\">\n\t\t<p><span class=\"wpcf7-form-control-wrap\" data-name=\"city\"><input size=\"40\" maxlength=\"400\" class=\"wpcf7-form-control wpcf7-text\" id=\"city\" aria-invalid=\"false\" placeholder=\"\u4f8b)\u3055\u3044\u305f\u307e\u5e02\u4e2d\u592e\u533a\u65b0\u4e2d\u91cc3-15-4\" value=\"\" type=\"text\" name=\"city\" \/><\/span>\n\t\t<\/p>\n\t<\/li>\n\t<li class=\"st_1\">\n\t\t<p>\u304a\u554f\u3044\u5408\u308f\u305b\u5185\u5bb9<span style=\"color:#e60012;\">\u203b<\/span>\n\t\t<\/p>\n\t<\/li>\n\t<li class=\"st_2\">\n\t\t<p><span class=\"wpcf7-form-control-wrap\" data-name=\"your-message\"><textarea cols=\"40\" rows=\"10\" maxlength=\"2000\" class=\"wpcf7-form-control wpcf7-textarea\" aria-invalid=\"false\" name=\"your-message\"><\/textarea><\/span>\n\t\t<\/p>\n\t<\/li>\n<\/ul>\n<div id=\"myButtons\">\n\t<p><input class=\"wpcf7-form-control wpcf7-submit has-spinner myButton\" id=\"send\" type=\"submit\" value=\"\u9001\u4fe1\" \/><input type=\"reset\" class=\"myButton\" value=\"\u30ea\u30bb\u30c3\u30c8\" \/>\n\t<\/p>\n<\/div><div class=\"wpcf7-response-output\" aria-hidden=\"true\"><\/div>\n<\/form>\n<\/div>\n\n","protected":false},"excerpt":{"rendered":"<p>\u304a\u898b\u7a4d\u3082\u308a\u30fb\u3054\u76f8\u8ac7\u7b49\u304a\u6c17\u8efd\u306b\u304a\u554f\u3044\u5408\u308f\u305b\u304f\u3060\u3055\u3044\u3002 \u30e1\u30fc\u30eb\u3067\u306e\u304a\u554f\u3044\u5408\u308f\u305b\u3092\u3054\u5e0c\u671b\u306e\u65b9\u306f\u4e0b\u8a18\u304a\u554f\u3044\u5408\u308f\u305b\u30d5\u30a9\u30fc\u30e0\u304c\u4fbf\u5229\u3067\u3059\u3002 \u203b\u5165\u529b\u9805\u76ee\u3092\u5165\u529b\u3057\u3001\u30e1\u30fc\u30eb\u3092\u9001\u4fe1\u3059\u308b\u30dc\u30bf\u30f3\u3092\u62bc\u3057\u3066\u304f\u3060\u3055\u3044\u3002 \u4e07\u304c\u4e00\u304a\u4f7f\u3044\u306ePC\u74b0\u5883\u306b\u3088\u308a\u9001\u4fe1 [&hellip;]<\/p>\n","protected":false},"author":3,"featured_media":0,"parent":0,"menu_order":0,"comment_status":"closed","ping_status":"closed","template":"","meta":{"footnotes":""},"class_list":["post-15","page","type-page","status-publish","hentry"],"_links":{"self":[{"href":"https:\/\/viewarm.jp\/index.php?rest_route=\/wp\/v2\/pages\/15","targetHints":{"allow":["GET"]}}],"collection":[{"href":"https:\/\/viewarm.jp\/index.php?rest_route=\/wp\/v2\/pages"}],"about":[{"href":"https:\/\/viewarm.jp\/index.php?rest_route=\/wp\/v2\/types\/page"}],"author":[{"embeddable":true,"href":"https:\/\/viewarm.jp\/index.php?rest_route=\/wp\/v2\/users\/3"}],"replies":[{"embeddable":true,"href":"https:\/\/viewarm.jp\/index.php?rest_route=%2Fwp%2Fv2%2Fcomments&post=15"}],"version-history":[{"count":16,"href":"https:\/\/viewarm.jp\/index.php?rest_route=\/wp\/v2\/pages\/15\/revisions"}],"predecessor-version":[{"id":418,"href":"https:\/\/viewarm.jp\/index.php?rest_route=\/wp\/v2\/pages\/15\/revisions\/418"}],"wp:attachment":[{"href":"https:\/\/viewarm.jp\/index.php?rest_route=%2Fwp%2Fv2%2Fmedia&parent=15"}],"curies":[{"name":"wp","href":"https:\/\/api.w.org\/{rel}","templated":true}]}}